{"id":275,"date":"2010-06-22T22:29:44","date_gmt":"2010-06-22T21:29:44","guid":{"rendered":"https:\/\/www.reneenicoux.fr\/?page_id=275"},"modified":"2010-06-22T22:29:44","modified_gmt":"2010-06-22T21:29:44","slug":"acceder-aux-contenus","status":"publish","type":"page","link":"https:\/\/www.reneenicoux.fr\/?page_id=275","title":{"rendered":"Acc\u00e9der aux contenus"},"content":{"rendered":"<p>Pour acc\u00e9der aux contenus de ce site, il est n\u00e9cessaire de disposer des logiciels gratuits suivants.<br \/>\nVous pouvez les t\u00e9l\u00e9charger et les installer en utilisant les liens ci-dessous.<\/p>\n<p><a href=\"http:\/\/www.adobe.com\/products\/acrobat\/readstep2.html\" target=\"_blank\"><img decoding=\"async\" src=\"http:\/\/www.felletin2008.net\/mairienew\/wp-content\/uploads\/2008\/03\/get_adobe_reader.gif\" alt=\"get_adobe_reader.gif\" \/><\/a> <a href=\"http:\/\/www.adobe.com\/products\/acrobat\/readstep2.html\" target=\"_blank\">Adobe Reader <\/a>pour lire les fichiers PDF<\/p>\n<p><a href=\"http:\/\/www.adobe.com\/shockwave\/download\/download.cgi?P1_Prod_Version=ShockwaveFlash&amp;promoid=BIOW\" target=\"_blank\"><img decoding=\"async\" src=\"http:\/\/www.felletin2008.net\/mairienew\/wp-content\/uploads\/2008\/03\/get_flash_player.gif\" alt=\"get_flash_player.gif\" \/><\/a> <a href=\"http:\/\/www.adobe.com\/shockwave\/download\/download.cgi?P1_Prod_Version=ShockwaveFlash&amp;promoid=BIOW\" target=\"_blank\">Adobe Flash<\/a> pour lire les vid\u00e9os<\/p>\n<p><strong>Pour utiliser les flux RSS, suivez les consignes suivantes :<\/strong><\/p>\n<p>Les <a href=\"http:\/\/fr.wikipedia.org\/wiki\/Rich_Site_Summary\" target=\"_blank\">flux RSS<\/a>&#8230; un terme barbare pour d\u00e9signer une fonctionnalit\u00e9 tr\u00e8s pratique disponible sur les blogs, sites internet et autres services en ligne. Ce flux permet d&rsquo;\u00eatre alert\u00e9 en temps r\u00e9el de la publication d&rsquo;un nouveau contenu sur les sites qui proposent cet outil, et ceci sans avoir \u00e0 visiter r\u00e9guli\u00e8rement ses favoris \u00e0 l&rsquo;unit\u00e9.<\/p>\n<p><strong>Pour utiliser les flux RSS<\/strong>, il est n\u00e9cessaire d&rsquo;utiliser un agr\u00e9gateur : un logiciel install\u00e9 sur son ordinateur, ou un service en ligne qui va permettre de d&rsquo;assurer cette lecture permanente. <a href=\"http:\/\/www.feedreader.com\/\" target=\"_blank\">Feedreader<\/a> est un logiciel gratuit en fran\u00e7ais simple d&rsquo;utilisation qui permet de collecter ces flux. Mais beaucoup d&rsquo;autres outils en ligne ou non, existent pour utiliser cette solution d&rsquo;acc\u00e8s aux contenus. Vous pouvez aussi directement utiliser la fonction int\u00e9gr\u00e9e \u00e0 votre navigateur.<\/p>\n<p>Vos diff\u00e9rents flux sont ainsi stock\u00e9s et consult\u00e9s par le logiciel qui vous alerte des nouveaux articles. Le principe est un peu le m\u00eame qu&rsquo;un logiciel de messagerie.<\/p>\n<p><strong>Pour r\u00e9colter les flux RSS<\/strong> sur vos blogs et sites favoris, rep\u00e9rez l&rsquo;indication RSS ou XML. Copiez\/collez le lien correspondant dans FeedReader qui fera le n\u00e9cessaire pour la suite ! Sur ce blog, les liens RSS sont indiqu\u00e9s en bas de la colonne de droite. De nombreux sites proposent cette fonctionnalit\u00e9, des sites d&rsquo;infos etc&#8230;<\/p>\n<p>Ce site propose cette fonctionnalit\u00e9. Vous \u00eates ainsi alert\u00e9 \u00e0 chaque fois qu&rsquo;un article est publi\u00e9.<br \/>\n<a href=\"https:\/\/www.reneenicoux.fr\/?feed=rss2\" target=\"_blank\"><img decoding=\"async\" src=\"http:\/\/www.felletin2008.net\/mairienew\/wp-content\/uploads\/2008\/03\/feed.png\" alt=\"feed.png\" \/><\/a> Le flux est : <a href=\"https:\/\/www.reneenicoux.fr\/?feed=rss2\" target=\"_blank\">https:\/\/www.reneenicoux.fr\/?feed=rss2<\/a><\/p>\n","protected":false},"excerpt":{"rendered":"<p>Pour acc\u00e9der aux contenus de ce site, il est n\u00e9cessaire de disposer des logiciels gratuits suivants. Vous pouvez les t\u00e9l\u00e9charger et les installer en utilisant les liens ci-dessous. Adobe Reader pour lire les fichiers PDF Adobe Flash pour lire les vid\u00e9os Pour utiliser les flux RSS, suivez les consignes suivantes : Les flux RSS&#8230; un [&hellip;]<\/p>\n","protected":false},"author":9,"featured_media":0,"parent":0,"menu_order":0,"comment_status":"closed","ping_status":"closed","template":"","meta":{"footnotes":""},"class_list":["post-275","page","type-page","status-publish","hentry"],"_links":{"self":[{"href":"https:\/\/www.reneenicoux.fr\/index.php?rest_route=\/wp\/v2\/pages\/275","targetHints":{"allow":["GET"]}}],"collection":[{"href":"https:\/\/www.reneenicoux.fr\/index.php?rest_route=\/wp\/v2\/pages"}],"about":[{"href":"https:\/\/www.reneenicoux.fr\/index.php?rest_route=\/wp\/v2\/types\/page"}],"author":[{"embeddable":true,"href":"https:\/\/www.reneenicoux.fr\/index.php?rest_route=\/wp\/v2\/users\/9"}],"replies":[{"embeddable":true,"href":"https:\/\/www.reneenicoux.fr\/index.php?rest_route=%2Fwp%2Fv2%2Fcomments&post=275"}],"version-history":[{"count":1,"href":"https:\/\/www.reneenicoux.fr\/index.php?rest_route=\/wp\/v2\/pages\/275\/revisions"}],"predecessor-version":[{"id":276,"href":"https:\/\/www.reneenicoux.fr\/index.php?rest_route=\/wp\/v2\/pages\/275\/revisions\/276"}],"wp:attachment":[{"href":"https:\/\/www.reneenicoux.fr\/index.php?rest_route=%2Fwp%2Fv2%2Fmedia&parent=275"}],"curies":[{"name":"wp","href":"https:\/\/api.w.org\/{rel}","templated":true}]}}