{"id":41,"date":"2010-01-24T23:31:56","date_gmt":"2010-01-24T22:31:56","guid":{"rendered":"https:\/\/www.reneenicoux.fr\/?page_id=41"},"modified":"2010-06-25T06:27:30","modified_gmt":"2010-06-25T05:27:30","slug":"videos","status":"publish","type":"page","link":"https:\/\/www.reneenicoux.fr\/?page_id=41","title":{"rendered":"Vid\u00e9os"},"content":{"rendered":"<p>Au S\u00e9nat &#8211; Intervention pour la d\u00e9fense du service de radioth\u00e9rapie de la Creuse &#8211; 15 juin 2010<\/p>\n<p><object width=\"480\" height=\"360\"><param name=\"movie\" value=\"http:\/\/www.dailymotion.com\/swf\/video\/xdt6oa\"><\/param><param name=\"allowFullScreen\" value=\"true\"><\/param><param name=\"allowScriptAccess\" value=\"always\"><\/param><embed type=\"application\/x-shockwave-flash\" src=\"http:\/\/www.dailymotion.com\/swf\/video\/xdt6oa\" width=\"480\" height=\"360\" allowfullscreen=\"true\" allowscriptaccess=\"always\"><\/embed><\/object><br \/>\n<\/p>\n<p><strong>Au S\u00e9nat &#8211; S\u00e9ance du 18 mai 2010<\/strong><br \/>\n<object classid=\"clsid:d27cdb6e-ae6d-11cf-96b8-444553540000\" width=\"480\" height=\"384\" codebase=\"http:\/\/download.macromedia.com\/pub\/shockwave\/cabs\/flash\/swflash.cab#version=6,0,40,0\"><param name=\"allowFullScreen\" value=\"true\" \/><param name=\"allowScriptAccess\" value=\"always\" \/><param name=\"src\" value=\"http:\/\/www.dailymotion.com\/swf\/video\/xdrfnz\" \/><param name=\"allowfullscreen\" value=\"true\" \/><embed type=\"application\/x-shockwave-flash\" width=\"480\" height=\"384\" src=\"http:\/\/www.dailymotion.com\/swf\/video\/xdrfnz\" allowscriptaccess=\"always\" allowfullscreen=\"true\"><\/embed><\/object><\/p>\n<p><object classid=\"clsid:d27cdb6e-ae6d-11cf-96b8-444553540000\" width=\"480\" height=\"384\" codebase=\"http:\/\/download.macromedia.com\/pub\/shockwave\/cabs\/flash\/swflash.cab#version=6,0,40,0\"><param name=\"allowFullScreen\" value=\"true\" \/><param name=\"allowScriptAccess\" value=\"always\" \/><param name=\"src\" value=\"http:\/\/www.dailymotion.com\/swf\/video\/xdrfrs\" \/><param name=\"allowfullscreen\" value=\"true\" \/><embed type=\"application\/x-shockwave-flash\" width=\"480\" height=\"384\" src=\"http:\/\/www.dailymotion.com\/swf\/video\/xdrfrs\" allowscriptaccess=\"always\" allowfullscreen=\"true\"><\/embed><\/object><\/p>\n<p><object classid=\"clsid:d27cdb6e-ae6d-11cf-96b8-444553540000\" width=\"480\" height=\"384\" codebase=\"http:\/\/download.macromedia.com\/pub\/shockwave\/cabs\/flash\/swflash.cab#version=6,0,40,0\"><param name=\"allowFullScreen\" value=\"true\" \/><param name=\"allowScriptAccess\" value=\"always\" \/><param name=\"src\" value=\"http:\/\/www.dailymotion.com\/swf\/video\/xdrfte\" \/><param name=\"allowfullscreen\" value=\"true\" \/><embed type=\"application\/x-shockwave-flash\" width=\"480\" height=\"384\" src=\"http:\/\/www.dailymotion.com\/swf\/video\/xdrfte\" allowscriptaccess=\"always\" allowfullscreen=\"true\"><\/embed><\/object><\/p>\n<p><strong>Au S\u00e9nat &#8211; S\u00e9ance du 21 janvier 2010<\/strong><br \/>\n<object classid=\"clsid:d27cdb6e-ae6d-11cf-96b8-444553540000\" width=\"480\" height=\"365\" codebase=\"http:\/\/download.macromedia.com\/pub\/shockwave\/cabs\/flash\/swflash.cab#version=6,0,40,0\"><param name=\"allowFullScreen\" value=\"true\" \/><param name=\"allowScriptAccess\" value=\"always\" \/><param name=\"src\" value=\"http:\/\/www.dailymotion.com\/swf\/xcb8g2\" \/><param name=\"allowfullscreen\" value=\"true\" \/><embed type=\"application\/x-shockwave-flash\" width=\"480\" height=\"365\" src=\"http:\/\/www.dailymotion.com\/swf\/xcb8g2\" allowscriptaccess=\"always\" allowfullscreen=\"true\"><\/embed><\/object><br \/>\n<strong><a href=\"http:\/\/www.dailymotion.com\/video\/xcb8g2_s\u00e9nat-21-01-2010-amendement-d\u00e9coupa_news\">S\u00e9nat 21\/01\/2010 &#8211; Amendement d\u00e9coupage \u00e9lectoral<\/a><\/strong><\/p>\n<p><strong>Au S\u00e9nat &#8211; S\u00e9ance du 14 d\u00e9cembre 2009<\/strong><\/p>\n<div><object classid=\"clsid:d27cdb6e-ae6d-11cf-96b8-444553540000\" width=\"480\" height=\"365\" codebase=\"http:\/\/download.macromedia.com\/pub\/shockwave\/cabs\/flash\/swflash.cab#version=6,0,40,0\"><param name=\"allowFullScreen\" value=\"true\" \/><param name=\"allowScriptAccess\" value=\"always\" \/><param name=\"src\" value=\"http:\/\/www.dailymotion.com\/swf\/xbht6v&amp;related=0\" \/><param name=\"allowfullscreen\" value=\"true\" \/><embed type=\"application\/x-shockwave-flash\" width=\"480\" height=\"365\" src=\"http:\/\/www.dailymotion.com\/swf\/xbht6v&amp;related=0\" allowscriptaccess=\"always\" allowfullscreen=\"true\"><\/embed><\/object><br \/>\n<strong><a href=\"http:\/\/www.dailymotion.com\/video\/xbht6v_senat-141209-amendement-decoupage-e_news\">S\u00e9nat 14\/12\/09 &#8211; Amendement d\u00e9coupage \u00e9lectoral<\/a><\/strong><\/div>\n","protected":false},"excerpt":{"rendered":"<p>Au S\u00e9nat &#8211; Intervention pour la d\u00e9fense du service de radioth\u00e9rapie de la Creuse &#8211; 15 juin 2010 Au S\u00e9nat &#8211; S\u00e9ance du 18 mai 2010 Au S\u00e9nat &#8211; S\u00e9ance du 21 janvier 2010 S\u00e9nat 21\/01\/2010 &#8211; Amendement d\u00e9coupage \u00e9lectoral Au S\u00e9nat &#8211; S\u00e9ance du 14 d\u00e9cembre 2009 S\u00e9nat 14\/12\/09 &#8211; Amendement d\u00e9coupage \u00e9lectoral<\/p>\n","protected":false},"author":9,"featured_media":0,"parent":0,"menu_order":0,"comment_status":"closed","ping_status":"open","template":"","meta":{"footnotes":""},"class_list":["post-41","page","type-page","status-publish","hentry"],"_links":{"self":[{"href":"https:\/\/www.reneenicoux.fr\/index.php?rest_route=\/wp\/v2\/pages\/41","targetHints":{"allow":["GET"]}}],"collection":[{"href":"https:\/\/www.reneenicoux.fr\/index.php?rest_route=\/wp\/v2\/pages"}],"about":[{"href":"https:\/\/www.reneenicoux.fr\/index.php?rest_route=\/wp\/v2\/types\/page"}],"author":[{"embeddable":true,"href":"https:\/\/www.reneenicoux.fr\/index.php?rest_route=\/wp\/v2\/users\/9"}],"replies":[{"embeddable":true,"href":"https:\/\/www.reneenicoux.fr\/index.php?rest_route=%2Fwp%2Fv2%2Fcomments&post=41"}],"version-history":[{"count":5,"href":"https:\/\/www.reneenicoux.fr\/index.php?rest_route=\/wp\/v2\/pages\/41\/revisions"}],"predecessor-version":[{"id":42,"href":"https:\/\/www.reneenicoux.fr\/index.php?rest_route=\/wp\/v2\/pages\/41\/revisions\/42"}],"wp:attachment":[{"href":"https:\/\/www.reneenicoux.fr\/index.php?rest_route=%2Fwp%2Fv2%2Fmedia&parent=41"}],"curies":[{"name":"wp","href":"https:\/\/api.w.org\/{rel}","templated":true}]}}